{"id":2890,"date":"2024-11-25T12:52:28","date_gmt":"2024-11-25T18:52:28","guid":{"rendered":"https:\/\/www.frisa.com\/steel\/?page_id=2890"},"modified":"2025-01-06T14:07:24","modified_gmt":"2025-01-06T20:07:24","slug":"industrias","status":"publish","type":"page","link":"https:\/\/www.frisa.com\/steel\/es\/industrias\/","title":{"rendered":"Industrias"},"content":{"rendered":"<p>[et_pb_section fb_built=&#8221;1&#8243; admin_label=&#8221;hero&#8221; module_class=&#8221;inverted-menu herosection&#8221; _builder_version=&#8221;4.27.3&#8243; _module_preset=&#8221;default&#8221; z_index=&#8221;10&#8243; height=&#8221;100vh&#8221; custom_margin=&#8221;||||false|false&#8221; custom_padding=&#8221;0px||0px||true|false&#8221; global_colors_info=&#8221;{}&#8221;][et_pb_row module_class=&#8221;ds-vertical-align overlay-bg&#8221; _builder_version=&#8221;4.27.2&#8243; _module_preset=&#8221;default&#8221; background_color=&#8221;#363636&#8243; background_enable_image=&#8221;off&#8221; background_video_mp4=&#8221;https:\/\/www.frisa.com\/steel\/wp-content\/uploads\/2024\/10\/industries-Header-industries-web.mp4&#8243; width=&#8221;100%&#8221; height=&#8221;100vh&#8221; max_height=&#8221;1080px&#8221; custom_margin=&#8221;||||false|false&#8221; custom_padding=&#8221;0px||0px||true|false&#8221; sticky_limit_bottom=&#8221;section&#8221; background_last_edited=&#8221;off|desktop&#8221; background_image_phone=&#8221;https:\/\/www.frisa.com\/steel\/wp-content\/uploads\/2024\/10\/header-vert.webp&#8221; background_enable_image_phone=&#8221;on&#8221; custom_css_before=&#8221;opacity:.4;&#8221; global_colors_info=&#8221;{}&#8221;][et_pb_column type=&#8221;4_4&#8243; module_class=&#8221;animar-row&#8221; _builder_version=&#8221;4.27.2&#8243; _module_preset=&#8221;default&#8221; global_colors_info=&#8221;{}&#8221;][et_pb_text _builder_version=&#8221;4.27.3&#8243; _module_preset=&#8221;default&#8221; header_font=&#8221;|700|||||||&#8221; header_text_align=&#8221;center&#8221; header_text_color=&#8221;#FFFFFF&#8221; header_font_size=&#8221;100px&#8221; header_2_text_align=&#8221;center&#8221; header_2_text_color=&#8221;#FFFFFF&#8221; header_2_font_size=&#8221;45px&#8221; header_2_line_height=&#8221;1.3em&#8221; custom_margin=&#8221;||0rem||false|false&#8221; animation_direction=&#8221;bottom&#8221; header_2_font_size_tablet=&#8221;45px&#8221; header_2_font_size_phone=&#8221;32px&#8221; header_2_font_size_last_edited=&#8221;on|phone&#8221; locked=&#8221;off&#8221; global_colors_info=&#8221;{}&#8221;]<\/p>\n<h2>Acero que transforma el mundo<br \/>\n<\/h2>\n<p>[\/et_pb_text][et_pb_text _builder_version=&#8221;4.27.3&#8243; _module_preset=&#8221;default&#8221; header_font=&#8221;|700|||||||&#8221; header_text_align=&#8221;center&#8221; header_text_color=&#8221;#FFFFFF&#8221; header_font_size=&#8221;100px&#8221; custom_margin=&#8221;||0px||false|false&#8221; animation_direction=&#8221;top&#8221; header_font_size_tablet=&#8221;100px&#8221; header_font_size_phone=&#8221;70px&#8221; header_font_size_last_edited=&#8221;on|phone&#8221; global_colors_info=&#8221;{}&#8221;]<\/p>\n<h1> Industrias <\/h1>\n<p>[\/et_pb_text][\/et_pb_column][\/et_pb_row][\/et_pb_section][et_pb_section fb_built=&#8221;1&#8243; _builder_version=&#8221;4.27.2&#8243; _module_preset=&#8221;default&#8221; custom_padding=&#8221;0px||0px||true|false&#8221; global_colors_info=&#8221;{}&#8221;][et_pb_row _builder_version=&#8221;4.27.2&#8243; _module_preset=&#8221;default&#8221; width=&#8221;100%&#8221; custom_padding=&#8221;0px||0px||true|false&#8221; global_colors_info=&#8221;{}&#8221;][et_pb_column type=&#8221;4_4&#8243; _builder_version=&#8221;4.27.2&#8243; _module_preset=&#8221;default&#8221; global_colors_info=&#8221;{}&#8221;][dsm_advanced_tabs dsm_tabs_layout=&#8221;vertical&#8221; dsm_content_animation=&#8221;fadeIn&#8221; dsm_tabs_image_icon_placement=&#8221;left&#8221; dsm_deep_link=&#8221;on&#8221; dsm_anchor_scroll=&#8221;on&#8221; dsm_auto_scroll_mobile=&#8221;on&#8221; dsm_tabs_vertical_alignment=&#8221;center&#8221; dsm_tabs_bg_color=&#8221;RGBA(255,255,255,0)&#8221; dsm_tabs_active_bg_color=&#8221;RGBA(255,255,255,0)&#8221; dsm_tabs_text_color=&#8221;#FFFFFF&#8221; dsm_tabs_active_text_color=&#8221;#FFFFFF&#8221; dsm_tabs_subtitle_color=&#8221;rgba(255,255,255,0.49)&#8221; dsm_content_margin=&#8221;||0px||false|false&#8221; dsm_content_padding=&#8221;0px|0px|0px|0px|true|true&#8221; dsm_tabs_image_icon_margin=&#8221;|10px|||false|false&#8221; dsm_tabs_wrapper_width=&#8221;30%&#8221; dsm_tabs_wrapper_padding=&#8221;3rem|3rem|3rem|3rem|true|false&#8221; dsm_tabs_wrapper_bg_color=&#8221;#BA1424&#8243; module_class=&#8221;ind-tabs&#8221; _builder_version=&#8221;4.27.4&#8243; _module_preset=&#8221;default&#8221; tab_title_font_size=&#8221;17px&#8221; tab_title_line_height=&#8221;2.4em&#8221; content_title_font=&#8221;||||||||&#8221; image_icon_custom_padding=&#8221;20px|15px|20px|15px|false|false&#8221; hover_enabled=&#8221;0&#8243; border_width_bottom_dsm_tabs_border=&#8221;1px&#8221; border_color_bottom_dsm_tabs_border=&#8221;#FFFFFF&#8221; border_width_all_dsm_content_border=&#8221;0px&#8221; global_colors_info=&#8221;{}&#8221; sticky_enabled=&#8221;0&#8243;][dsm_advanced_tabs_child module_class=&#8221;tab-oilgas&#8221; dsm_title=&#8221;Petr\u00f3leo y Gas&#8221; dsm_use_icon_image=&#8221;on&#8221; dsm_image=&#8221;https:\/\/www.frisa.com\/steel\/wp-content\/uploads\/2024\/10\/industries-oil-and-mining-white.svg&#8221; dsm_content=&#8221;<\/p>\n<div class=%22ind-contenido%22>\n<p><img src=%22https:\/\/www.frisa.com\/steel\/wp-content\/uploads\/2024\/10\/industries-oil-and-gas.svg%22 \/><\/p>\n<h2><text class=%22_textbox_x434h_15%22 direction=%22ltr%22 height=%228.73602294921875%22 lengthadjust=%22spacingAndGlyphs%22 textlength=%2286.4959945678711%22 x=%2272.8759994506836%22 y=%22-612.935546875%22 data-test=%22textbox%22>Petr\u00f3leo y Gas<\/text><\/h2>\n<p>El acero es esencial en el sector energ\u00e9tico, incluyendo la <strong>perforaci\u00f3n terrestre y marina, el fracking<\/strong> y otros m\u00e9todos de extracci\u00f3n de petr\u00f3leo y gas. Nuestros lingotes fundidos y vaciados en Norteam\u00e9rica, que posterior a fabricaci\u00f3n pueden procesarse en nuestro taller de forja abierta o nuevo laminador, nos permiten cubrir una alta variedad de requerimientos para esta crucial industria.<\/p>\n<h3>Aplicaciones:<\/h3>\n<ul>\n<li>Collares de perforaci\u00f3n<\/li>\n<li>Acoplamientos<\/li>\n<li>Uniones<\/li>\n<li>Collares<\/li>\n<li>Sujeciones<\/li>\n<li>Tubos sin costura<\/li>\n<\/ul>\n<\/div>\n<div class=%22img-lat img-lat-oilandgas%22><\/div>\n<p>&#8221; _builder_version=&#8221;4.27.4&#8243; _module_preset=&#8221;default&#8221; content_title_level=&#8221;h4&#8243; content_title_text_color=&#8221;#282828&#8243; content_title_font_size=&#8221;25px&#8221; global_colors_info=&#8221;{}&#8221; parentOrderClass=&#8221;dsm_advanced_tabs_0&#8243;][\/dsm_advanced_tabs_child][dsm_advanced_tabs_child module_class=&#8221;tab-powergen&#8221; dsm_title=&#8221;Generaci\u00f3n de Energ\u00eda&#8221; dsm_use_icon_image=&#8221;on&#8221; dsm_image=&#8221;https:\/\/www.frisa.com\/steel\/wp-content\/uploads\/2024\/10\/industries-power-generation-white.svg&#8221; dsm_content=&#8221;<\/p>\n<div class=%22ind-contenido%22>\n<p><img src=%22https:\/\/www.frisa.com\/steel\/wp-content\/uploads\/2024\/10\/industries-power-generation.svg%22 \/><\/p>\n<h2><text class=%22_textbox_x434h_15%22 direction=%22ltr%22 height=%228.73599243164062%22 lengthadjust=%22spacingAndGlyphs%22 textlength=%22133.471199035645%22 x=%2272.5759963989258%22 y=%22-416.935485839844%22 data-test=%22textbox%22>Generaci\u00f3n de Energ\u00eda<\/text><\/h2>\n<p>Nuestro acero inoxidable y aleado son ideales para componentes de alto rendimiento utilizados en la <strong>generaci\u00f3n de energ\u00eda renovable como gas, ciclo combinado y turbinas de aire<\/strong>, as\u00ed como la generaci\u00f3n de combustibles f\u00f3siles que soportan todo tipo de fuentes de energ\u00eda confiables. La dureza, resistencia y eficiencia de estos materiales les permiten soportar las ubicaciones remotas y entornos hostiles requeridos por esta industria.<\/p>\n<h3>Aplicaciones:<\/h3>\n<ul>\n<li>Turbinas de vapor<\/li>\n<li>Compresores<\/li>\n<li>Generadores<\/li>\n<\/ul>\n<\/div>\n<div class=%22img-lat img-lat-powergen%22><\/div>\n<p>&#8221; _builder_version=&#8221;4.27.3&#8243; _module_preset=&#8221;default&#8221; global_colors_info=&#8221;{}&#8221; parentOrderClass=&#8221;dsm_advanced_tabs_0&#8243;][\/dsm_advanced_tabs_child][dsm_advanced_tabs_child dsm_title=&#8221;Construcci\u00f3n&#8221; dsm_use_icon_image=&#8221;on&#8221; dsm_image=&#8221;https:\/\/www.frisa.com\/steel\/wp-content\/uploads\/2024\/10\/construction-white.svg&#8221; dsm_content=&#8221;<\/p>\n<div class=%22ind-contenido%22>\n<p><img src=%22https:\/\/www.frisa.com\/steel\/wp-content\/uploads\/2024\/10\/industries-construction.svg%22 \/><\/p>\n<h2>Construcci\u00f3n<\/h2>\n<p>Acero de alta calidad es esencial para asegurar la <strong>resiliencia, seguridad y fiabilidad<\/strong> de los equipos que construyen nuestro entorno. La tecnolog\u00eda y procesos de tratamiento t\u00e9rmico de FRISA Steel mejoran la dureza y durabilidad del acero utilizado en estos productos cr\u00edticos, para garantizar su vida \u00fatil en cualquier entorno durante muchos a\u00f1os.<\/p>\n<h3>Aplicaciones:<\/h3>\n<ul>\n<li><text class=%22_textbox_x434h_15%22 direction=%22ltr%22 height=%228.59199523925781%22 lengthadjust=%22spacingAndGlyphs%22 textlength=%2259.9531860351562%22 x=%2290.2760009765625%22 y=%22-150.935501098633%22 data-test=%22textbox%22>Tren motriz<\/text><\/li>\n<li><text class=%22_textbox_x434h_15%22 direction=%22ltr%22 height=%228.59199523925781%22 lengthadjust=%22spacingAndGlyphs%22 textlength=%22194.057983398438%22 x=%2290.2760009765625%22 y=%22-136.935501098633%22 data-test=%22textbox%22>Tren de rodaje, ejes, bujes y husillos<\/text><\/li>\n<li>Engranes<\/li>\n<li>Baleros<\/li>\n<\/ul>\n<\/div>\n<div class=%22img-lat img-lat-construction%22><\/div>\n<p>&#8221; _builder_version=&#8221;4.27.3&#8243; _module_preset=&#8221;default&#8221; global_colors_info=&#8221;{}&#8221; parentOrderClass=&#8221;dsm_advanced_tabs_0&#8243;][\/dsm_advanced_tabs_child][dsm_advanced_tabs_child dsm_title=&#8221;Miner\u00eda&#8221; dsm_use_icon_image=&#8221;on&#8221; dsm_image=&#8221;https:\/\/www.frisa.com\/steel\/wp-content\/uploads\/2024\/10\/industries-mining-white.svg&#8221; dsm_content=&#8221;<\/p>\n<div class=%22ind-contenido%22>\n<p><img src=%22https:\/\/www.frisa.com\/steel\/wp-content\/uploads\/2024\/10\/industries-mining.svg%22 \/><\/p>\n<h2>Miner\u00eda<\/h2>\n<p>Acero de la m\u00e1s alta calidad es necesario para garantizar la longevidad y el rendimiento constante de los equipos utilizados en la extracci\u00f3n de valiosos materiales y minerales de la tierra.<\/p>\n<p>Para <strong>miner\u00eda de superficie y subterr\u00e1nea<\/strong>, y para garantizar la seguridad tanto del usuario como de la m\u00e1quina, este equipo requiere aceros SBQ y forjados de la m\u00e1s alta calidad del mercado, disponibles en FRISA Steel.<\/p>\n<h3>Aplicaciones:<\/h3>\n<ul>\n<li><text class=%22_textbox_x434h_15%22 direction=%22ltr%22 height=%228.59197998046875%22 lengthadjust=%22spacingAndGlyphs%22 textlength=%22121.823997497559%22 x=%2290.9240036010742%22 y=%22-596.935546875%22 data-test=%22textbox%22>Dientes de excavadora<\/text><\/li>\n<li>Bits de miner\u00eda<\/li>\n<li>Aplicaciones abrasivas<\/li>\n<li>Herramientas<\/li>\n<li>Ejes y engranes<\/li>\n<\/ul>\n<\/div>\n<div class=%22img-lat img-lat-mining%22><\/div>\n<p>&#8221; _builder_version=&#8221;4.27.4&#8243; _module_preset=&#8221;default&#8221; hover_enabled=&#8221;0&#8243; global_colors_info=&#8221;{}&#8221; parentOrderClass=&#8221;dsm_advanced_tabs_0&#8243; sticky_enabled=&#8221;0&#8243;][\/dsm_advanced_tabs_child][dsm_advanced_tabs_child dsm_title=&#8221;Equipo pesado&#8221; dsm_use_icon_image=&#8221;on&#8221; dsm_image=&#8221;https:\/\/www.frisa.com\/steel\/wp-content\/uploads\/2024\/10\/industries-heavy-equipment-white.svg&#8221; dsm_content=&#8221;<\/p>\n<div class=%22ind-contenido%22>\n<p><img src=%22https:\/\/www.frisa.com\/steel\/wp-content\/uploads\/2024\/10\/industries-heavy-equipment.svg%22 \/><\/p>\n<h2>Equipo pesado<\/h2>\n<p>Todos los d\u00edas, equipos pesados son utilizados para producir, construir y entregar bienes y servicios alrededor del mundo. Sus componentes est\u00e1n sujetos a incontables horas de uso y esfuerzo, y requieren piezas duraderas, seguras y de alta ingenier\u00eda para satisfacer la demanda del mercado.<\/p>\n<h3>Aplicaciones:<\/h3>\n<ul>\n<li><text class=%22_textbox_x434h_15%22 direction=%22ltr%22 height=%228.59201049804688%22 lengthadjust=%22spacingAndGlyphs%22 textlength=%2285.302001953125%22 x=%2290.2760009765625%22 y=%22-425.935485839844%22 data-test=%22textbox%22>Trenes motrices<\/text><\/li>\n<li><span>Ejes<\/span><\/li>\n<li><span>Engranajes<\/span><\/li>\n<li><span>Carcasas<\/span><\/li>\n<\/ul>\n<\/div>\n<div class=%22img-lat img-lat-heavy%22><\/div>\n<p>&#8221; _builder_version=&#8221;4.27.4&#8243; _module_preset=&#8221;default&#8221; global_colors_info=&#8221;{}&#8221; parentOrderClass=&#8221;dsm_advanced_tabs_0&#8243;][\/dsm_advanced_tabs_child][dsm_advanced_tabs_child dsm_title=&#8221;Transportaci\u00f3n&#8221; dsm_use_icon_image=&#8221;on&#8221; dsm_image=&#8221;https:\/\/www.frisa.com\/steel\/wp-content\/uploads\/2024\/10\/industries-transportation-white.svg&#8221; dsm_content=&#8221;<\/p>\n<div class=%22ind-contenido%22>\n<p><img src=%22https:\/\/www.frisa.com\/steel\/wp-content\/uploads\/2024\/10\/industries-transportation.svg%22 \/><\/p>\n<h2>Transportaci\u00f3n<\/h2>\n<p>El acero de alta calidad de FRISA Steel es utilizado por diversos clientes norteamericanos para forjar, maquinar y fabricar <strong>piezas cr\u00edticas para la seguridad de equipos de transportaci\u00f3n<\/strong>, dise\u00f1ados para funcionar de manera confiable en todo tipo de veh\u00edculos y condiciones.<\/p>\n<h3>Aplicaciones:<\/h3>\n<ul>\n<li>Ejes<\/li>\n<li>Cig\u00fce\u00f1ales<\/li>\n<li>Componentes de trenes motrices<\/li>\n<li>Cubos<\/li>\n<li>Trenes<\/li>\n<li>Ejes ferroviarios<\/li>\n<\/ul>\n<\/div>\n<div class=%22img-lat img-lat-transport%22><\/div>\n<p>&#8221; _builder_version=&#8221;4.27.3&#8243; _module_preset=&#8221;default&#8221; global_colors_info=&#8221;{}&#8221; parentOrderClass=&#8221;dsm_advanced_tabs_0&#8243;][\/dsm_advanced_tabs_child][dsm_advanced_tabs_child dsm_title=&#8221;Agricultura&#8221; dsm_use_icon_image=&#8221;on&#8221; dsm_image=&#8221;https:\/\/www.frisa.com\/steel\/wp-content\/uploads\/2024\/10\/industries-agriculture-white.svg&#8221; dsm_content=&#8221;<\/p>\n<div class=%22ind-contenido%22>\n<p><img src=%22https:\/\/www.frisa.com\/steel\/wp-content\/uploads\/2024\/10\/industries-agriculture.svg%22 \/><\/p>\n<h2>Agricultura<\/h2>\n<p>La agricultura sostiene la vida al proveer la comida que necesitamos para sobrevivir. Componentes duraderos, confiables y de alta calidad juegan un papel crucial en mantener esta vital industria viva d\u00eda tras d\u00eda. Nuestro acero es capaz de soportar los <strong>terrenos y condiciones clim\u00e1ticas m\u00e1s adversas<\/strong>, contribuyendo a que los equipos y partes se desempe\u00f1en con excelencia durante a\u00f1os.<\/p>\n<h3>Aplicaciones:<\/h3>\n<ul>\n<li>Engranes<\/li>\n<li>Trenes, ejes, cig\u00fce\u00f1ales<\/li>\n<li>Trenes motrices<\/li>\n<\/ul>\n<\/div>\n<div class=%22img-lat img-lat-agriculture%22><\/div>\n<p>&#8221; _builder_version=&#8221;4.27.3&#8243; _module_preset=&#8221;default&#8221; global_colors_info=&#8221;{}&#8221; parentOrderClass=&#8221;dsm_advanced_tabs_0&#8243;][\/dsm_advanced_tabs_child][dsm_advanced_tabs_child dsm_title=&#8221;Aplicaciones industriales&#8221; dsm_use_icon_image=&#8221;on&#8221; dsm_image=&#8221;https:\/\/www.frisa.com\/steel\/wp-content\/uploads\/2024\/10\/industries-industrial-white.svg&#8221; dsm_content=&#8221;<\/p>\n<div class=%22ind-contenido%22>\n<p><img src=%22https:\/\/www.frisa.com\/steel\/wp-content\/uploads\/2024\/10\/industries-industrial-applications.svg%22 \/><\/p>\n<h2>Aplicaciones industriales<\/h2>\n<p>Nuestra experiencia nos permite crear <strong>grados de materiales a la medida<\/strong> para garantizar que los materiales cumplan con los requisitos de industrias esenciales como la de<strong> alimentos y bebidas; farmac\u00e9utica; qu\u00edmica y m\u00e9dica, entre otras.<\/strong><\/p>\n<h3>Aplicaciones:<\/h3>\n<ul>\n<li>Sellos<\/li>\n<li>Conectores<\/li>\n<li>Ejes<\/li>\n<li>Husillos<\/li>\n<li>Baleros<\/li>\n<li>Accesorios<\/li>\n<\/ul>\n<\/div>\n<div class=%22img-lat img-lat-industrialapp%22><\/div>\n<p>&#8221; _builder_version=&#8221;4.27.4&#8243; _module_preset=&#8221;default&#8221; hover_enabled=&#8221;0&#8243; custom_css_main_element=&#8221;border-bottom:none !important;&#8221; global_colors_info=&#8221;{}&#8221; parentOrderClass=&#8221;dsm_advanced_tabs_0&#8243; sticky_enabled=&#8221;0&#8243;][\/dsm_advanced_tabs_child][\/dsm_advanced_tabs][\/et_pb_column][\/et_pb_row][\/et_pb_section]<\/p>\n","protected":false},"excerpt":{"rendered":"<p>Acero que transforma el mundo Industrias <div class=\"et_pb_with_border et_pb_module dsm_advanced_tabs dsm_advanced_tabs_0 ind-tabs\">\n\t\t\t\t\n\t\t\t\t\n\t\t\t\t\n\t\t\t\t\n\t\t\t\t\n\t\t\t\t\n\t\t\t\t<div class=\"et_pb_module_inner\">\n\t\t\t\t\t<div class=\"dsm-advanced-tabs-container\" data-trigger=\"click\" data-animation=\"fadeIn\" data-inner_animation=\"none\" data-deep_link=\"on\" data-image_lightbox=\"off\" data-auto_scroll_mobile=\"on\" data-anchor_link=\"on\">\n\t\t\t\t    <div class=\"dsm-advanced-tabs-wrapper\" role=\"tablist\"><\/div>\n\t\t\t\t <div class=\"dsm-advanced-tabs-content-wrapper\">\n\t\t\t\t    \n\t\t\t\t <\/div>\n\t\t     <\/div>\n\t\t    \n\t\t\t\t<\/div>\n\t\t\t<\/div><div class=\"dsm-advanced-tab-item-wrapper dsm_advanced_tabs_child_0\">\n\t\t\t\t<\/div>\n\t\t\t<div class=\"dsm-advanced-tab-item-wrapper dsm_advanced_tabs_child_1\">\n\t\t\t\t<\/div>\n\t\t\t<\/p>\n","protected":false},"author":1,"featured_media":0,"parent":0,"menu_order":0,"comment_status":"closed","ping_status":"closed","template":"","meta":{"_et_pb_use_builder":"on","_et_pb_old_content":"","_et_gb_content_width":"","footnotes":""},"class_list":["post-2890","page","type-page","status-publish","hentry"],"yoast_head":"<!-- This site is optimized with the Yoast SEO plugin v25.3.1 - https:\/\/yoast.com\/wordpress\/plugins\/seo\/ -->\n<title>Industrias - Frisa Steel<\/title>\n<meta name=\"robots\" content=\"index, follow, max-snippet:-1, max-image-preview:large, max-video-preview:-1\" \/>\n<link rel=\"canonical\" href=\"https:\/\/www.frisa.com\/steel\/es\/industrias\/\" \/>\n<meta property=\"og:locale\" content=\"en_US\" \/>\n<meta property=\"og:type\" content=\"article\" \/>\n<meta property=\"og:title\" content=\"Industrias - Frisa Steel\" \/>\n<meta property=\"og:description\" content=\"Acero que transforma el mundo Industrias\" \/>\n<meta property=\"og:url\" content=\"https:\/\/www.frisa.com\/steel\/es\/industrias\/\" \/>\n<meta property=\"og:site_name\" content=\"Frisa Steel\" \/>\n<meta property=\"article:publisher\" content=\"https:\/\/www.facebook.com\/frisa.industrias\" \/>\n<meta property=\"article:modified_time\" content=\"2025-01-06T20:07:24+00:00\" \/>\n<meta property=\"og:image\" content=\"https:\/\/www.frisa.com\/steel\/wp-content\/uploads\/2024\/12\/frisa-og-logo.webp\" \/>\n\t<meta property=\"og:image:width\" content=\"384\" \/>\n\t<meta property=\"og:image:height\" content=\"190\" \/>\n\t<meta property=\"og:image:type\" content=\"image\/webp\" \/>\n<meta name=\"twitter:card\" content=\"summary_large_image\" \/>\n<meta name=\"twitter:label1\" content=\"Est. reading time\" \/>\n\t<meta name=\"twitter:data1\" content=\"7 minutes\" \/>\n<script type=\"application\/ld+json\" class=\"yoast-schema-graph\">{\"@context\":\"https:\/\/schema.org\",\"@graph\":[{\"@type\":\"WebPage\",\"@id\":\"https:\/\/www.frisa.com\/steel\/es\/industrias\/\",\"url\":\"https:\/\/www.frisa.com\/steel\/es\/industrias\/\",\"name\":\"Industrias - Frisa Steel\",\"isPartOf\":{\"@id\":\"https:\/\/www.frisa.com\/steel\/#website\"},\"datePublished\":\"2024-11-25T18:52:28+00:00\",\"dateModified\":\"2025-01-06T20:07:24+00:00\",\"breadcrumb\":{\"@id\":\"https:\/\/www.frisa.com\/steel\/es\/industrias\/#breadcrumb\"},\"inLanguage\":\"en-US\",\"potentialAction\":[{\"@type\":\"ReadAction\",\"target\":[\"https:\/\/www.frisa.com\/steel\/es\/industrias\/\"]}]},{\"@type\":\"BreadcrumbList\",\"@id\":\"https:\/\/www.frisa.com\/steel\/es\/industrias\/#breadcrumb\",\"itemListElement\":[{\"@type\":\"ListItem\",\"position\":1,\"name\":\"Home\",\"item\":\"https:\/\/www.frisa.com\/steel\/\"},{\"@type\":\"ListItem\",\"position\":2,\"name\":\"Industrias\"}]},{\"@type\":\"WebSite\",\"@id\":\"https:\/\/www.frisa.com\/steel\/#website\",\"url\":\"https:\/\/www.frisa.com\/steel\/\",\"name\":\"Frisa Steel\",\"description\":\"North-American Melted and Poured High-Quality Steel\",\"publisher\":{\"@id\":\"https:\/\/www.frisa.com\/steel\/#organization\"},\"potentialAction\":[{\"@type\":\"SearchAction\",\"target\":{\"@type\":\"EntryPoint\",\"urlTemplate\":\"https:\/\/www.frisa.com\/steel\/?s={search_term_string}\"},\"query-input\":{\"@type\":\"PropertyValueSpecification\",\"valueRequired\":true,\"valueName\":\"search_term_string\"}}],\"inLanguage\":\"en-US\"},{\"@type\":\"Organization\",\"@id\":\"https:\/\/www.frisa.com\/steel\/#organization\",\"name\":\"Frisa Steel\",\"url\":\"https:\/\/www.frisa.com\/steel\/\",\"logo\":{\"@type\":\"ImageObject\",\"inLanguage\":\"en-US\",\"@id\":\"https:\/\/www.frisa.com\/steel\/#\/schema\/logo\/image\/\",\"url\":\"https:\/\/www.frisa.com\/steel\/wp-content\/uploads\/2024\/12\/logo-frisa-steel-sq-3.webp\",\"contentUrl\":\"https:\/\/www.frisa.com\/steel\/wp-content\/uploads\/2024\/12\/logo-frisa-steel-sq-3.webp\",\"width\":696,\"height\":696,\"caption\":\"Frisa Steel\"},\"image\":{\"@id\":\"https:\/\/www.frisa.com\/steel\/#\/schema\/logo\/image\/\"},\"sameAs\":[\"https:\/\/www.facebook.com\/frisa.industrias\",\"https:\/\/mx.linkedin.com\/company\/frisa\"]}]}<\/script>\n<!-- \/ Yoast SEO plugin. -->","yoast_head_json":{"title":"Industrias - Frisa Steel","robots":{"index":"index","follow":"follow","max-snippet":"max-snippet:-1","max-image-preview":"max-image-preview:large","max-video-preview":"max-video-preview:-1"},"canonical":"https:\/\/www.frisa.com\/steel\/es\/industrias\/","og_locale":"en_US","og_type":"article","og_title":"Industrias - Frisa Steel","og_description":"Acero que transforma el mundo Industrias","og_url":"https:\/\/www.frisa.com\/steel\/es\/industrias\/","og_site_name":"Frisa Steel","article_publisher":"https:\/\/www.facebook.com\/frisa.industrias","article_modified_time":"2025-01-06T20:07:24+00:00","og_image":[{"width":384,"height":190,"url":"https:\/\/www.frisa.com\/steel\/wp-content\/uploads\/2024\/12\/frisa-og-logo.webp","type":"image\/webp"}],"twitter_card":"summary_large_image","twitter_misc":{"Est. reading time":"7 minutes"},"schema":{"@context":"https:\/\/schema.org","@graph":[{"@type":"WebPage","@id":"https:\/\/www.frisa.com\/steel\/es\/industrias\/","url":"https:\/\/www.frisa.com\/steel\/es\/industrias\/","name":"Industrias - Frisa Steel","isPartOf":{"@id":"https:\/\/www.frisa.com\/steel\/#website"},"datePublished":"2024-11-25T18:52:28+00:00","dateModified":"2025-01-06T20:07:24+00:00","breadcrumb":{"@id":"https:\/\/www.frisa.com\/steel\/es\/industrias\/#breadcrumb"},"inLanguage":"en-US","potentialAction":[{"@type":"ReadAction","target":["https:\/\/www.frisa.com\/steel\/es\/industrias\/"]}]},{"@type":"BreadcrumbList","@id":"https:\/\/www.frisa.com\/steel\/es\/industrias\/#breadcrumb","itemListElement":[{"@type":"ListItem","position":1,"name":"Home","item":"https:\/\/www.frisa.com\/steel\/"},{"@type":"ListItem","position":2,"name":"Industrias"}]},{"@type":"WebSite","@id":"https:\/\/www.frisa.com\/steel\/#website","url":"https:\/\/www.frisa.com\/steel\/","name":"Frisa Steel","description":"North-American Melted and Poured High-Quality Steel","publisher":{"@id":"https:\/\/www.frisa.com\/steel\/#organization"},"potentialAction":[{"@type":"SearchAction","target":{"@type":"EntryPoint","urlTemplate":"https:\/\/www.frisa.com\/steel\/?s={search_term_string}"},"query-input":{"@type":"PropertyValueSpecification","valueRequired":true,"valueName":"search_term_string"}}],"inLanguage":"en-US"},{"@type":"Organization","@id":"https:\/\/www.frisa.com\/steel\/#organization","name":"Frisa Steel","url":"https:\/\/www.frisa.com\/steel\/","logo":{"@type":"ImageObject","inLanguage":"en-US","@id":"https:\/\/www.frisa.com\/steel\/#\/schema\/logo\/image\/","url":"https:\/\/www.frisa.com\/steel\/wp-content\/uploads\/2024\/12\/logo-frisa-steel-sq-3.webp","contentUrl":"https:\/\/www.frisa.com\/steel\/wp-content\/uploads\/2024\/12\/logo-frisa-steel-sq-3.webp","width":696,"height":696,"caption":"Frisa Steel"},"image":{"@id":"https:\/\/www.frisa.com\/steel\/#\/schema\/logo\/image\/"},"sameAs":["https:\/\/www.facebook.com\/frisa.industrias","https:\/\/mx.linkedin.com\/company\/frisa"]}]}},"_links":{"self":[{"href":"https:\/\/www.frisa.com\/steel\/wp-json\/wp\/v2\/pages\/2890","targetHints":{"allow":["GET"]}}],"collection":[{"href":"https:\/\/www.frisa.com\/steel\/wp-json\/wp\/v2\/pages"}],"about":[{"href":"https:\/\/www.frisa.com\/steel\/wp-json\/wp\/v2\/types\/page"}],"author":[{"embeddable":true,"href":"https:\/\/www.frisa.com\/steel\/wp-json\/wp\/v2\/users\/1"}],"replies":[{"embeddable":true,"href":"https:\/\/www.frisa.com\/steel\/wp-json\/wp\/v2\/comments?post=2890"}],"version-history":[{"count":7,"href":"https:\/\/www.frisa.com\/steel\/wp-json\/wp\/v2\/pages\/2890\/revisions"}],"predecessor-version":[{"id":3131,"href":"https:\/\/www.frisa.com\/steel\/wp-json\/wp\/v2\/pages\/2890\/revisions\/3131"}],"wp:attachment":[{"href":"https:\/\/www.frisa.com\/steel\/wp-json\/wp\/v2\/media?parent=2890"}],"curies":[{"name":"wp","href":"https:\/\/api.w.org\/{rel}","templated":true}]}}